{"id":3740,"date":"2022-11-17T15:46:51","date_gmt":"2022-11-17T13:46:51","guid":{"rendered":"https:\/\/www.agricolafelline.it\/edmond-dantes\/"},"modified":"2025-02-21T19:59:04","modified_gmt":"2025-02-21T17:59:04","slug":"edmond-dantes","status":"publish","type":"page","link":"https:\/\/www.agricolafelline.it\/en\/edmond-dantes\/","title":{"rendered":"Edmond Dantes"},"content":{"rendered":"\t\t<div data-elementor-type=\"wp-page\" data-elementor-id=\"3740\" class=\"elementor elementor-3740 elementor-1551\" data-elementor-settings=\"{&quot;ha_cmc_init_switcher&quot;:&quot;no&quot;}\" data-elementor-post-type=\"page\">\n\t\t\t\t\t\t<section class=\"elementor-section elementor-top-section elementor-element elementor-element-254c3b1 elementor-section-full_width elementor-section-stretched elementor-section-height-min-height elementor-section-height-default elementor-section-items-middle\" data-id=\"254c3b1\" data-element_type=\"section\" data-e-type=\"section\" data-settings=\"{&quot;stretch_section&quot;:&quot;section-stretched&quot;,&quot;background_background&quot;:&quot;classic&quot;,&quot;jet_parallax_layout_list&quot;:[],&quot;_ha_eqh_enable&quot;:false}\">\n\t\t\t\t\t\t\t<div class=\"elementor-background-overlay\"><\/div>\n\t\t\t\t\t\t\t<div class=\"elementor-container elementor-column-gap-no\">\n\t\t\t\t\t<div class=\"elementor-column elementor-col-100 elementor-top-column elementor-element elementor-element-086e0be\" data-id=\"086e0be\" data-element_type=\"column\" data-e-type=\"column\">\n\t\t\t<div class=\"elementor-widget-wrap elementor-element-populated\">\n\t\t\t\t\t\t<div class=\"elementor-element elementor-element-069f327 elementor-widget elementor-widget-image\" data-id=\"069f327\" data-element_type=\"widget\" data-e-type=\"widget\" data-widget_type=\"image.default\">\n\t\t\t\t<div class=\"elementor-widget-container\">\n\t\t\t\t\t\t\t\t\t\t\t\t\t\t\t<img fetchpriority=\"high\" decoding=\"async\" width=\"800\" height=\"106\" src=\"https:\/\/www.agricolafelline.it\/wp-content\/uploads\/2022\/11\/TITOLO-EDMOND-DANTES.png\" class=\"attachment-large size-large wp-image-3407\" alt=\"TITOLO EDMOND DANTES\" srcset=\"https:\/\/www.agricolafelline.it\/wp-content\/uploads\/2022\/11\/TITOLO-EDMOND-DANTES.png 960w, https:\/\/www.agricolafelline.it\/wp-content\/uploads\/2022\/11\/TITOLO-EDMOND-DANTES-600x79.png 600w, https:\/\/www.agricolafelline.it\/wp-content\/uploads\/2022\/11\/TITOLO-EDMOND-DANTES-300x40.png 300w, https:\/\/www.agricolafelline.it\/wp-content\/uploads\/2022\/11\/TITOLO-EDMOND-DANTES-768x102.png 768w, https:\/\/www.agricolafelline.it\/wp-content\/uploads\/2022\/11\/TITOLO-EDMOND-DANTES-200x26.png 200w\" sizes=\"(max-width: 800px) 100vw, 800px\" title=\"\">\t\t\t\t\t\t\t\t\t\t\t\t\t\t\t<\/div>\n\t\t\t\t<\/div>\n\t\t\t\t<div class=\"elementor-element elementor-element-75cf80b elementor-widget elementor-widget-heading\" data-id=\"75cf80b\" data-element_type=\"widget\" data-e-type=\"widget\" data-widget_type=\"heading.default\">\n\t\t\t\t<div class=\"elementor-widget-container\">\n\t\t\t\t\t<h1 class=\"elementor-heading-title elementor-size-default\">Edmond Dantes: Spumante Metodo Classico Pas Dos\u00e8<\/h1>\t\t\t\t<\/div>\n\t\t\t\t<\/div>\n\t\t\t\t\t<\/div>\n\t\t<\/div>\n\t\t\t\t\t<\/div>\n\t\t<\/section>\n\t\t\t\t<section class=\"elementor-section elementor-top-section elementor-element elementor-element-9c50409 elementor-section-boxed elementor-section-height-default elementor-section-height-default\" data-id=\"9c50409\" data-element_type=\"section\" data-e-type=\"section\" data-settings=\"{&quot;jet_parallax_layout_list&quot;:[],&quot;_ha_eqh_enable&quot;:false}\">\n\t\t\t\t\t\t<div class=\"elementor-container elementor-column-gap-default\">\n\t\t\t\t\t<div class=\"elementor-column elementor-col-100 elementor-top-column elementor-element elementor-element-4668869\" data-id=\"4668869\" data-element_type=\"column\" data-e-type=\"column\">\n\t\t\t<div class=\"elementor-widget-wrap elementor-element-populated\">\n\t\t\t\t\t\t<div class=\"elementor-element elementor-element-cec0681 elementor-widget elementor-widget-heading\" data-id=\"cec0681\" data-element_type=\"widget\" data-e-type=\"widget\" data-widget_type=\"heading.default\">\n\t\t\t\t<div class=\"elementor-widget-container\">\n\t\t\t\t\t<h3 class=\"elementor-heading-title elementor-size-default\">Curiosit\u00e0 e amore verso il \u201cmeraviglioso mondo del vino\u201d sono stati gli irrefrenabili impulsi per intraprendere un\u2019avventura insolita e rara nella nostra regione: fermentare in bottiglia per fare uno spumante classico.<\/h3>\t\t\t\t<\/div>\n\t\t\t\t<\/div>\n\t\t\t\t<div class=\"elementor-element elementor-element-99c59dd elementor-widget elementor-widget-text-editor\" data-id=\"99c59dd\" data-element_type=\"widget\" data-e-type=\"widget\" data-widget_type=\"text-editor.default\">\n\t\t\t\t<div class=\"elementor-widget-container\">\n\t\t\t\t\t\t\t\t\t<p style=\"font-weight: 400;\">Inesistente qualsiasi tradizione, timida e flebile la domanda di mercato, teoriche bench\u00e8 approfondite le conoscenze di metodo, avevamo solo l\u2019uva (vermentino e chardonnay), la tecnologia e tanta voglia di divertirci.<\/p><p style=\"font-weight: 400;\">Abbiamo cos\u00ec prodotto solo dei magnum da 1,5 litri, con l\u2019unica e originaria intenzione di sperimentare, imparare e condividerli con \u201cvinentusiasti\u201d come noi: esclusivamente in cantina, prima o dopo degustazioni tecniche, durante gli eventiche organizziamo a Spazio Primitivo, ma sempre in una visione di \u201cesperienza\u201d,\u00a0<span style=\"color: var( --e-global-color-text ); font-family: var( --e-global-typography-primary-font-family ), Sans-serif;\">convivialit\u00e0, gioia del tutto private.<\/span><\/p><p style=\"font-weight: 400;\">Non soltanto avevamo deciso di non mettere sul mercato quei 2000 magnum di spumante, ma persino di non completarne la produzione con la sboccatura (d\u00e9gorgement) e il confezionamento.<\/p><p style=\"font-weight: 400;\">E\u2019 molto pi\u00f9 divertente fare il d\u00e9gorgement \u00e0 la vol\u00e9e negli scantinati e scolarsi la bottiglia nuda e cruda al momento!<\/p><p style=\"font-weight: 400;\">Invece, accadeva sempre pi\u00f9 spesso che gli ospiti che vivevano l\u2019incredibile esperienza del d\u00e9gorgement \u00e0 la vol\u00e9e e partecipavano all\u2019assaggio della bollicina \u201cliberata\u201d ne restassero favorevolmente impressionati e ne volessero acquistarequalche magnum per s\u00e9 e per gli amici.<\/p>\t\t\t\t\t\t\t\t<\/div>\n\t\t\t\t<\/div>\n\t\t\t\t<div class=\"elementor-element elementor-element-939d49b elementor-widget elementor-widget-heading\" data-id=\"939d49b\" data-element_type=\"widget\" data-e-type=\"widget\" data-widget_type=\"heading.default\">\n\t\t\t\t<div class=\"elementor-widget-container\">\n\t\t\t\t\t<h2 class=\"elementor-heading-title elementor-size-default\">Fu cos\u00ec che Edmond Dant\u00e8s intraprese la via della libert\u00e0.<\/h2>\t\t\t\t<\/div>\n\t\t\t\t<\/div>\n\t\t\t\t\t<\/div>\n\t\t<\/div>\n\t\t\t\t\t<\/div>\n\t\t<\/section>\n\t\t\t\t<section class=\"elementor-section elementor-top-section elementor-element elementor-element-1663a12 elementor-section-boxed elementor-section-height-default elementor-section-height-default\" data-id=\"1663a12\" data-element_type=\"section\" data-e-type=\"section\" data-settings=\"{&quot;jet_parallax_layout_list&quot;:[],&quot;_ha_eqh_enable&quot;:false}\">\n\t\t\t\t\t\t<div class=\"elementor-container elementor-column-gap-no\">\n\t\t\t\t\t<div class=\"elementor-column elementor-col-100 elementor-top-column elementor-element elementor-element-33de52f\" data-id=\"33de52f\" data-element_type=\"column\" data-e-type=\"column\">\n\t\t\t<div class=\"elementor-widget-wrap elementor-element-populated\">\n\t\t\t\t\t\t<div class=\"elementor-element elementor-element-e00d030 elementor-position-inline-start elementor-widget__width-auto elementor-view-default elementor-mobile-position-block-start elementor-widget elementor-widget-icon-box\" data-id=\"e00d030\" data-element_type=\"widget\" data-e-type=\"widget\" data-widget_type=\"icon-box.default\">\n\t\t\t\t<div class=\"elementor-widget-container\">\n\t\t\t\t\t\t\t<div class=\"elementor-icon-box-wrapper\">\n\n\t\t\t\t\t\t<div class=\"elementor-icon-box-icon\">\n\t\t\t\t<a href=\"https:\/\/www.agricolafelline.it\/wp-content\/uploads\/2022\/11\/LEAFLET_EDMOND_24_WEB.pdf\" target=\"_blank\" class=\"elementor-icon\" tabindex=\"-1\" aria-label=\"Scarica PDF\">\n\t\t\t\t<i aria-hidden=\"true\" class=\"fas fa-file-pdf\"><\/i>\t\t\t\t<\/a>\n\t\t\t<\/div>\n\t\t\t\n\t\t\t\t\t\t<div class=\"elementor-icon-box-content\">\n\n\t\t\t\t\t\t\t\t\t<h3 class=\"elementor-icon-box-title\">\n\t\t\t\t\t\t<a href=\"https:\/\/www.agricolafelline.it\/wp-content\/uploads\/2022\/11\/LEAFLET_EDMOND_24_WEB.pdf\" target=\"_blank\" >\n\t\t\t\t\t\t\tScarica PDF\t\t\t\t\t\t<\/a>\n\t\t\t\t\t<\/h3>\n\t\t\t\t\n\t\t\t\t\t\t\t\t\t<p class=\"elementor-icon-box-description\">\n\t\t\t\t\t\tLa storia del nostro Spumante Metodo Classico Pas Dos\u00e8\t\t\t\t\t<\/p>\n\t\t\t\t\n\t\t\t<\/div>\n\t\t\t\n\t\t<\/div>\n\t\t\t\t\t\t<\/div>\n\t\t\t\t<\/div>\n\t\t\t\t\t<\/div>\n\t\t<\/div>\n\t\t\t\t\t<\/div>\n\t\t<\/section>\n\t\t\t\t<\/div>\n\t\t","protected":false},"excerpt":{"rendered":"<p>Edmond Dantes: Spumante Metodo Classico Pas Dos\u00e8 Curiosit\u00e0 e amore verso il \u201cmeraviglioso mondo del vino\u201d sono stati gli irrefrenabili impulsi per intraprendere un\u2019avventura insolita e rara nella nostra regione: fermentare in bottiglia per fare uno spumante classico. Inesistente qualsiasi tradizione, timida e flebile la domanda di mercato, teoriche bench\u00e8 approfondite le conoscenze di metodo, [&hellip;]<\/p>\n","protected":false},"author":1,"featured_media":0,"parent":0,"menu_order":0,"comment_status":"closed","ping_status":"closed","template":"","meta":{"footnotes":""},"class_list":["post-3740","page","type-page","status-publish","hentry"],"_links":{"self":[{"href":"https:\/\/www.agricolafelline.it\/en\/wp-json\/wp\/v2\/pages\/3740","targetHints":{"allow":["GET"]}}],"collection":[{"href":"https:\/\/www.agricolafelline.it\/en\/wp-json\/wp\/v2\/pages"}],"about":[{"href":"https:\/\/www.agricolafelline.it\/en\/wp-json\/wp\/v2\/types\/page"}],"author":[{"embeddable":true,"href":"https:\/\/www.agricolafelline.it\/en\/wp-json\/wp\/v2\/users\/1"}],"replies":[{"embeddable":true,"href":"https:\/\/www.agricolafelline.it\/en\/wp-json\/wp\/v2\/comments?post=3740"}],"version-history":[{"count":0,"href":"https:\/\/www.agricolafelline.it\/en\/wp-json\/wp\/v2\/pages\/3740\/revisions"}],"wp:attachment":[{"href":"https:\/\/www.agricolafelline.it\/en\/wp-json\/wp\/v2\/media?parent=3740"}],"curies":[{"name":"wp","href":"https:\/\/api.w.org\/{rel}","templated":true}]}}